{"id":651,"date":"2018-12-06T12:37:04","date_gmt":"2018-12-06T12:37:04","guid":{"rendered":"http:\/\/democontent.codex-themes.com\/sites\/medical-center\/?page_id=6"},"modified":"2021-03-26T11:18:49","modified_gmt":"2021-03-26T11:18:49","slug":"contact","status":"publish","type":"page","link":"https:\/\/dunyaklinik.com.tr\/en\/contact\/","title":{"rendered":"Contact"},"content":{"rendered":"<p>[vc_row css=&#8221;.vc_custom_1544104099856{margin-bottom: 0px !important;}&#8221;][vc_column css=&#8221;.vc_custom_1544106618844{padding-top: 0px !important;}&#8221; offset=&#8221;vc_col-md-6&#8243;][vc_widget_sidebar sidebar_id=&#8221;page-sidebar-0&#8243;]<div class=\"clearboth\"><\/div><div class=\"gem-divider \" style=\"margin-top: 30px;\"><\/div>[\/vc_column][vc_column offset=&#8221;vc_col-md-6&#8243;]<div class=\"gem-table  gem-table-style-1\"><table style=\"width: 100%;\">\n<tbody>\n<tr>\n<td style=\"background: #f5f5f5; border: none;\">Monday &#8211; Friday<\/td>\n<td style=\"background: #f5f5f5; border: none;\">8:00 am \u2013 22:00 pm<\/td>\n<\/tr>\n<tr>\n<td style=\"background: #fafafa; border: none;\">Saturday<\/td>\n<td style=\"background: #fafafa; border: none;\">8:00 am \u2013 22:00 pm<\/td>\n<\/tr>\n<tr>\n<td style=\"background: #f5f5f5; border: none;\">Sunday<\/td>\n<td style=\"background: #f5f5f5; border: none;\">8:00 am \u2013 18:00 pm<\/td>\n<\/tr>\n<\/tbody>\n<\/table>\n<\/div>[\/vc_column][\/vc_row][vc_row full_width=&#8221;stretch_row_content&#8221; equal_height=&#8221;yes&#8221; content_placement=&#8221;middle&#8221; disable_element=&#8221;yes&#8221; css=&#8221;.vc_custom_1616490643355{margin-bottom: 0px !important;}&#8221; el_id=&#8221;app-form&#8221;][vc_column css=&#8221;.vc_custom_1544168991927{padding-top: 0px !important;background: #a3a3a3 url(https:\/\/dunyaklinik.com.tr\/en\/wp-content\/uploads\/2018\/12\/3.jpg?id=52) !important;background-position: center !important;background-repeat: no-repeat !important;background-size: cover !important;}&#8221; offset=&#8221;vc_col-md-6 vc_hidden-sm vc_hidden-xs&#8221;]<div class=\"clearboth\"><\/div><div class=\"gem-divider \" style=\"margin-top: 700px;\"><\/div>[\/vc_column][vc_column disable_custom_paddings_tablet=&#8221;true&#8221; disable_custom_paddings_mobile=&#8221;true&#8221; offset=&#8221;vc_col-md-6&#8243; css=&#8221;.vc_custom_1544511925105{padding-top: 0px !important;padding-right: 100px !important;padding-left: 100px !important;background-color: #00a4ef !important;}&#8221;]<div class=\"clearboth\"><\/div><div class=\"gem-divider \" style=\"margin-top: 90px;\"><\/div>[vc_column_text]<\/p>\n<div class=\"title-h2\" style=\"text-align: center;\"><span style=\"color: #ffffff;\">Rezervasyon Formu<\/span><\/div>\n<p>[\/vc_column_text]<div class=\"clearboth\"><\/div><div class=\"gem-divider \" style=\"margin-top: 70px;\"><\/div><div role=\"form\" class=\"wpcf7\" id=\"wpcf7-f717-o1\" lang=\"en-US\" dir=\"ltr\">\n<div class=\"screen-reader-response\"><p role=\"status\" aria-live=\"polite\" aria-atomic=\"true\"><\/p> <ul><\/ul><\/div>\n<form action=\"\/en\/wp-json\/wp\/v2\/pages\/651#wpcf7-f717-o1\" method=\"post\" class=\"wpcf7-form init gem-contact-form-white gem-contact-form-simple-line\" novalidate=\"novalidate\" data-status=\"init\">\n<div style=\"display: none;\">\n<input type=\"hidden\" name=\"_wpcf7\" value=\"717\" \/>\n<input type=\"hidden\" name=\"_wpcf7_version\" value=\"5.4\" \/>\n<input type=\"hidden\" name=\"_wpcf7_locale\" value=\"en_US\" \/>\n<input type=\"hidden\" name=\"_wpcf7_unit_tag\" value=\"wpcf7-f717-o1\" \/>\n<input type=\"hidden\" name=\"_wpcf7_container_post\" value=\"0\" \/>\n<input type=\"hidden\" name=\"_wpcf7_posted_data_hash\" value=\"\" \/>\n<\/div>\n<div class=\"row medical-center\">\n<p class=\"col-lg-6 col-md-6 col-xs-12\"><span class=\"wpcf7-form-control-wrap your-name\"><input type=\"text\" name=\"your-name\" value=\"\" size=\"40\" class=\"wpcf7-form-control wpcf7-text wpcf7-validates-as-required\" aria-required=\"true\" aria-invalid=\"false\" placeholder=\"Ad\u0131n\u0131z Soyad\u0131n\u0131z*\" \/><\/span><\/p>\n<p class=\"col-lg-6 col-md-6 col-xs-12\"><span class=\"wpcf7-form-control-wrap your-email\"><input type=\"email\" name=\"your-email\" value=\"\" size=\"40\" class=\"wpcf7-form-control wpcf7-text wpcf7-email wpcf7-validates-as-required wpcf7-validates-as-email\" aria-required=\"true\" aria-invalid=\"false\" placeholder=\"Email Adresiniz*\" \/><\/span><\/p>\n<p class=\"col-lg-6 col-md-6 col-xs-12\"><span class=\"wpcf7-form-control-wrap department\"><select name=\"department\" class=\"wpcf7-form-control wpcf7-select wpcf7-validates-as-required gem-combobox\" aria-required=\"true\" aria-invalid=\"false\"><option value=\"Botoks\">Botoks<\/option><option value=\"Dolgu\">Dolgu<\/option><option value=\"Mezoterapi\">Mezoterapi<\/option><option value=\"PRP\">PRP<\/option><option value=\"Epilasyon\">Epilasyon<\/option><option value=\"Cilt Bak\u0131m\u0131\">Cilt Bak\u0131m\u0131<\/option><option value=\"Hydrafacial\">Hydrafacial<\/option><option value=\"Sa\u00e7 Ekimi\">Sa\u00e7 Ekimi<\/option><\/select><\/span><\/p>\n<p class=\"col-lg-6 col-md-6 col-xs-12\"><span class=\"wpcf7-form-control-wrap date\"><select name=\"date\" class=\"wpcf7-form-control wpcf7-select wpcf7-validates-as-required gem-combobox\" aria-required=\"true\" aria-invalid=\"false\"><option value=\"Bug\u00fcn\">Bug\u00fcn<\/option><option value=\"Bu Hafta\">Bu Hafta<\/option><option value=\"Bu Ay\">Bu Ay<\/option><\/select><\/span><\/p>\n<p class=\"col-lg-12 col-md-12 col-xs-12\"><span class=\"wpcf7-form-control-wrap your-message\"><textarea name=\"your-message\" cols=\"30\" rows=\"4\" class=\"wpcf7-form-control wpcf7-textarea wpcf7-validates-as-required\" aria-required=\"true\" aria-invalid=\"false\" placeholder=\"Mesaj\u0131n\u0131z\"><\/textarea><\/span><\/p>\n<div class=\"gem-button-container gem-button-position-center thegem-button-69e09dac2ce749343\" \"><input class=\"gem-button gem-button-size-small gem-button-style-outline gem-button-text-weight-thin gem-button-border-1 wpcf7-form-control wpcf7-submit gem-button-wpcf-custom\" style=\"border-radius: 0px;border-color: #fff;color: #fff;\" onmouseleave=\"this.style.borderColor='#fff';this.style.backgroundColor='transparent';this.style.color='#fff';\" onmouseenter=\"this.style.backgroundColor='#fff';this.style.color='#00a4ef';\" id=\"\" tabindex=\"\" type=\"submit\" value=\"Randevu Olu\u015ftur\" \/><\/div><\/div>\n<div class=\"wpcf7-response-output\" aria-hidden=\"true\"><\/div><\/form><\/div><div class=\"clearboth\"><\/div><div class=\"gem-divider \" style=\"margin-top: 70px;\"><\/div>[\/vc_column][\/vc_row][vc_row full_width=&#8221;stretch_row&#8221; css=&#8221;.vc_custom_1544169311397{margin-bottom: 0px !important;}&#8221;][vc_column css=&#8221;.vc_custom_1544104109970{padding-top: 0px !important;}&#8221;]<div class=\"clearboth\"><\/div><div class=\"gem-divider \" style=\"margin-top: 75px;\"><\/div>[vc_column_text]<\/p>\n<div class=\"title-h2\" style=\"text-align: center;\"><span style=\"color: #00a4ef;\">Contact<\/span> Formu<\/div>\n<p>[\/vc_column_text]<div class=\"clearboth\"><\/div><div class=\"gem-divider \" style=\"margin-top: 40px;\"><\/div>[vc_row_inner][vc_column_inner offset=&#8221;vc_col-lg-offset-2 vc_col-lg-8 vc_col-md-offset-1 vc_col-md-10&#8243;][\/vc_column_inner][\/vc_row_inner]<div role=\"form\" class=\"wpcf7\" id=\"wpcf7-f61-o2\" lang=\"en-US\" dir=\"ltr\">\n<div class=\"screen-reader-response\"><p role=\"status\" aria-live=\"polite\" aria-atomic=\"true\"><\/p> <ul><\/ul><\/div>\n<form action=\"\/en\/wp-json\/wp\/v2\/pages\/651#wpcf7-f61-o2\" method=\"post\" class=\"wpcf7-form init gem-contact-form-dark gem-contact-form-simple-line\" novalidate=\"novalidate\" data-status=\"init\">\n<div style=\"display: none;\">\n<input type=\"hidden\" name=\"_wpcf7\" value=\"61\" \/>\n<input type=\"hidden\" name=\"_wpcf7_version\" value=\"5.4\" \/>\n<input type=\"hidden\" name=\"_wpcf7_locale\" value=\"en_US\" \/>\n<input type=\"hidden\" name=\"_wpcf7_unit_tag\" value=\"wpcf7-f61-o2\" \/>\n<input type=\"hidden\" name=\"_wpcf7_container_post\" value=\"0\" \/>\n<input type=\"hidden\" name=\"_wpcf7_posted_data_hash\" value=\"\" \/>\n<\/div>\n<div class=\"row medical-center\">\n<div class=\"col-lg-4 col-md-4 col-xs-12\">\n<div class=\"form-line\"><span class=\"wpcf7-form-control-wrap your-name\"><input type=\"text\" name=\"your-name\" value=\"\" size=\"40\" class=\"wpcf7-form-control wpcf7-text wpcf7-validates-as-required\" aria-required=\"true\" aria-invalid=\"false\" placeholder=\"Ad\u0131n\u0131z Soyad\u0131n\u0131z*\" \/><\/span><\/div>\n<\/div>\n<div class=\"col-lg-4 col-md-4 col-xs-12\">\n<div class=\"form-line\"><span class=\"wpcf7-form-control-wrap your-email\"><input type=\"email\" name=\"your-email\" value=\"\" size=\"40\" class=\"wpcf7-form-control wpcf7-text wpcf7-email wpcf7-validates-as-required wpcf7-validates-as-email\" aria-required=\"true\" aria-invalid=\"false\" placeholder=\"Email Adresiniz*\" \/><\/span><\/div>\n<\/div>\n<div class=\"col-lg-4 col-md-4 col-xs-12\">\n<div class=\"form-line\"><span class=\"wpcf7-form-control-wrap your-website\"><input type=\"text\" name=\"your-website\" value=\"\" size=\"40\" class=\"wpcf7-form-control wpcf7-text\" aria-invalid=\"false\" placeholder=\"Telefon Numaran\u0131z*\" \/><\/span><\/div>\n<\/div>\n<div class=\"col-lg-12 col-md-12 col-xs-12\">\n<div class=\"form-line\"><span class=\"wpcf7-form-control-wrap your-message\"><textarea name=\"your-message\" cols=\"30\" rows=\"6\" class=\"wpcf7-form-control wpcf7-textarea wpcf7-validates-as-required\" aria-required=\"true\" aria-invalid=\"false\" placeholder=\"Mesaj\u0131n\u0131z\"><\/textarea><\/span><\/div>\n<\/div>\n<div class=\"col-lg-12 col-md-12 col-xs-12\"><div class=\"gem-button-container gem-button-position-center thegem-button-69e09dac2e0344377\" \"><input class=\"gem-button gem-button-size-medium gem-button-style-outline gem-button-text-weight-thin gem-button-border-1 wpcf7-form-control wpcf7-submit gem-button-wpcf-custom\" style=\"border-radius: 0px;border-color: #00a4ef;color: #00a4ef;\" onmouseleave=\"this.style.borderColor='#00a4ef';this.style.backgroundColor='transparent';this.style.color='#00a4ef';\" onmouseenter=\"this.style.backgroundColor='#00a4ef';this.style.color='#fff';\" id=\"\" tabindex=\"\" type=\"submit\" value=\"Formu G\u00f6nder\" \/><\/div> <\/div>\n<\/div>\n<div class=\"wpcf7-response-output\" aria-hidden=\"true\"><\/div><\/form><\/div><div class=\"clearboth\"><\/div><div class=\"gem-divider \" style=\"margin-top: 25px;\"><\/div>[\/vc_column][\/vc_row]<\/p>\n","protected":false},"excerpt":{"rendered":"<p>[vc_row css=&#8221;.vc_custom_1544104099856{margin-bottom: 0px !important;}&#8221;][vc_column css=&#8221;.vc_custom_1544106618844{padding-top: 0px !important;}&#8221; offset=&#8221;vc_col-md-6&#8243;][vc_widget_sidebar sidebar_id=&#8221;page-sidebar-0&#8243;][\/vc_column][vc_column offset=&#8221;vc_col-md-6&#8243;][\/vc_column][\/vc_row][vc_row full_width=&#8221;stretch_row_content&#8221; equal_height=&#8221;yes&#8221; content_placement=&#8221;middle&#8221; disable_element=&#8221;yes&#8221; css=&#8221;.vc_custom_1616490643355{margin-bottom: 0px !important;}&#8221; el_id=&#8221;app-form&#8221;][vc_column css=&#8221;.vc_custom_1544168991927{padding-top: 0px&#8230;<\/p>\n","protected":false},"author":1,"featured_media":0,"parent":0,"menu_order":0,"comment_status":"closed","ping_status":"closed","template":"","meta":[],"_links":{"self":[{"href":"https:\/\/dunyaklinik.com.tr\/en\/wp-json\/wp\/v2\/pages\/651"}],"collection":[{"href":"https:\/\/dunyaklinik.com.tr\/en\/wp-json\/wp\/v2\/pages"}],"about":[{"href":"https:\/\/dunyaklinik.com.tr\/en\/wp-json\/wp\/v2\/types\/page"}],"author":[{"embeddable":true,"href":"https:\/\/dunyaklinik.com.tr\/en\/wp-json\/wp\/v2\/users\/1"}],"replies":[{"embeddable":true,"href":"https:\/\/dunyaklinik.com.tr\/en\/wp-json\/wp\/v2\/comments?post=651"}],"version-history":[{"count":9,"href":"https:\/\/dunyaklinik.com.tr\/en\/wp-json\/wp\/v2\/pages\/651\/revisions"}],"predecessor-version":[{"id":861,"href":"https:\/\/dunyaklinik.com.tr\/en\/wp-json\/wp\/v2\/pages\/651\/revisions\/861"}],"wp:attachment":[{"href":"https:\/\/dunyaklinik.com.tr\/en\/wp-json\/wp\/v2\/media?parent=651"}],"curies":[{"name":"wp","href":"https:\/\/api.w.org\/{rel}","templated":true}]}}