{"id":631,"date":"2019-02-13T10:44:29","date_gmt":"2019-02-13T10:44:29","guid":{"rendered":"http:\/\/democontent.codex-themes.com\/sites\/medical-center\/?page_id=631"},"modified":"2021-03-26T11:08:28","modified_gmt":"2021-03-26T11:08:28","slug":"our-news","status":"publish","type":"page","link":"https:\/\/dunyaklinik.com.tr\/en\/our-news\/","title":{"rendered":"Our News"},"content":{"rendered":"<p>[vc_row][vc_column]<div class=\"clearboth\"><\/div><div class=\"gem-divider \" style=\"margin-top: 50pxpx;\"><\/div><div class=\"blog blog-style-styled_list1 clearfix item-animation-move-up\" data-next-page=\"0\"> <article id=\"post-839\" class=\"item-animations-not-inited post-839 post type-post status-publish format-standard has-post-thumbnail category-blog tag-deri-hastaliklari tag-dermis tag-epidermis tag-subkutis\"> <div class=\"item-post-container\"> <div class=\"post-item clearfix\" style=\"\"> <div class=\"post-info-wrap\"> <div class=\"post-info\"> <div class=\"post-img\"> <a href=\"https:\/\/dunyaklinik.com.tr\/en\/sik-gorulen-deri-hastaliklari\/\" class=\"default\"><img width=\"256\" height=\"256\" src=\"https:\/\/dunyaklinik.com.tr\/en\/wp-content\/uploads\/2021\/03\/Fdg8TLXi-thegem-post-thumb-large.jpg\" class=\"img-responsive wp-post-image\" alt=\"Fdg8TLXi\" srcset=\"https:\/\/dunyaklinik.com.tr\/en\/wp-content\/uploads\/2021\/03\/Fdg8TLXi-thegem-post-thumb-small.jpg 1x, https:\/\/dunyaklinik.com.tr\/en\/wp-content\/uploads\/2021\/03\/Fdg8TLXi-thegem-post-thumb-large.jpg 2x\" sizes=\"100vw\" \/><\/a> <\/div> <div class=\"post-date\">23 March<\/div> <div class=\"post-time\">12:38<\/div> <\/div> <\/div> <svg class=\"wrap-style\" style=\"\"> <use xlink:href=\"https:\/\/dunyaklinik.com.tr\/en\/wp-content\/themes\/thegem\/css\/post-arrow.svg#dec-post-arrow\"><\/use> <\/svg> <div class=\"post-text-wrap\"> <div class=\"post-title\"> <h3 class=\"entry-title\"><a href=\"https:\/\/dunyaklinik.com.tr\/en\/sik-gorulen-deri-hastaliklari\/\" rel=\"bookmark\"><span class=\"light\">S\u0131k G\u00f6r\u00fclen Deri Hastal\u0131klar\u0131<\/span><\/a><\/h3> <\/div> <div class=\"post-content\"> <div class=\"summary\"> <p>V\u00fccudumuzu\u00a0\u00f6rten en b\u00fcy\u00fck organlardan biri olan deri, v\u00fccut \u0131s\u0131s\u0131n\u0131 ayarlay\u0131p, gaz al\u0131\u015fveri\u015fini yaparak solunuma ve bo\u015falt\u0131ma destek olur. Ancak en&#8230;<\/p> <\/div> <\/div> <div class=\"post-misc\"> <div class=\"post-author\"> <span class=\"post-meta-author\">By <a href=\"https:\/\/dunyaklinik.com.tr\/en\" title=\"Visit admin&#8217;s website\" rel=\"author external\">admin<\/a><\/span> <span class=\"post-meta-categories\">in <a href=\"https:\/\/dunyaklinik.com.tr\/en\/category\/blog\/\" title=\"View all posts in Blog\">Blog<\/a><\/span> <\/div> <div class=\"post-soc-info\"> <span class=\"post-comments\"> <span class=\"comments-link\"><a href=\"https:\/\/dunyaklinik.com.tr\/en\/sik-gorulen-deri-hastaliklari\/#respond\">0<\/a><\/span> <span class=\"sep\"><\/span> <\/span> <span class=\"post-likes\"> <span class=\"post-meta-likes\"><a href=\"#\" class=\"zilla-likes\" id=\"zilla-likes-839\" title=\"Like this\"><span class=\"zilla-likes-count\">0<\/span> <span class=\"zilla-likes-postfix\"><\/span><\/a><\/span> <\/span> <\/div> <div class=\"post-links\"> <div class=\"post-footer-sharing\"><div class=\"gem-button-container gem-button-position-inline thegem-button-69e0d993b96d02275\" \"><a class=\"gem-button gem-button-size-tiny gem-button-style-flat gem-button-text-weight-normal gem-button-empty\" style=\"border-radius: 3px;\" onmouseleave=\"\" onmouseenter=\"\" href=\"#\" target=\"_self\"><i class=\"gem-print-icon gem-icon-pack-thegem-icons gem-icon-share\"><\/i><\/a><\/div> <div class=\"sharing-popup\"> <div class=\"socials-sharing socials socials-colored-hover \"> <a class=\"socials-item\" target=\"_blank\" href=\"https:\/\/www.facebook.com\/sharer\/sharer.php?u=https%3A%2F%2Fdunyaklinik.com.tr%2Fen%2Fsik-gorulen-deri-hastaliklari%2F\" title=\"Facebook\"><i class=\"socials-item-icon facebook\"><\/i><\/a> <a class=\"socials-item\" target=\"_blank\" href=\"https:\/\/twitter.com\/intent\/tweet?text=S%C4%B1k+G%C3%B6r%C3%BClen+Deri+Hastal%C4%B1klar%C4%B1&#038;url=https%3A%2F%2Fdunyaklinik.com.tr%2Fen%2Fsik-gorulen-deri-hastaliklari%2F\" title=\"Twitter\"><i class=\"socials-item-icon twitter\"><\/i><\/a> <a class=\"socials-item\" target=\"_blank\" href=\"https:\/\/pinterest.com\/pin\/create\/button\/?url=https%3A%2F%2Fdunyaklinik.com.tr%2Fen%2Fsik-gorulen-deri-hastaliklari%2F&#038;description=S%C4%B1k+G%C3%B6r%C3%BClen+Deri+Hastal%C4%B1klar%C4%B1&#038;media=https%3A%2F%2Fdunyaklinik.com.tr%2Fen%2Fwp-content%2Fuploads%2F2021%2F03%2FFdg8TLXi-thegem-blog-timeline-large.jpg\" title=\"Pinterest\"><i class=\"socials-item-icon pinterest\"><\/i><\/a> <a class=\"socials-item\" target=\"_blank\" href=\"http:\/\/tumblr.com\/widgets\/share\/tool?canonicalUrl=https%3A%2F%2Fdunyaklinik.com.tr%2Fen%2Fsik-gorulen-deri-hastaliklari%2F\" title=\"Tumblr\"><i class=\"socials-item-icon tumblr\"><\/i><\/a> <a class=\"socials-item\" target=\"_blank\" href=\"https:\/\/www.linkedin.com\/shareArticle?mini=true&#038;url=https%3A%2F%2Fdunyaklinik.com.tr%2Fen%2Fsik-gorulen-deri-hastaliklari%2F&#038;title=S%C4%B1k+G%C3%B6r%C3%BClen+Deri+Hastal%C4%B1klar%C4%B1&amp;summary=V%C3%BCcudumuzu%C2%A0%C3%B6rten+en+b%C3%BCy%C3%BCk+organlardan+biri+olan+deri%2C+v%C3%BCcut+%C4%B1s%C4%B1s%C4%B1n%C4%B1+ayarlay%C4%B1p%2C+gaz+al%C4%B1%C5%9Fveri%C5%9Fini+yaparak+solunuma+ve+bo%C5%9Falt%C4%B1ma+destek+olur.+Ancak+en...\" title=\"LinkedIn\"><i class=\"socials-item-icon linkedin\"><\/i><\/a> <a class=\"socials-item\" target=\"_blank\" href=\"https:\/\/www.reddit.com\/submit?url=https%3A%2F%2Fdunyaklinik.com.tr%2Fen%2Fsik-gorulen-deri-hastaliklari%2F&#038;title=S%C4%B1k+G%C3%B6r%C3%BClen+Deri+Hastal%C4%B1klar%C4%B1\" title=\"Reddit\"><i class=\"socials-item-icon reddit\"><\/i><\/a> <\/div> <svg class=\"sharing-styled-arrow\"><use xlink:href=\"https:\/\/dunyaklinik.com.tr\/en\/wp-content\/themes\/thegem\/css\/post-arrow.svg#dec-post-arrow\"><\/use><\/svg><\/div><\/div> <div class=\"post-read-more\"><div class=\"gem-button-container gem-button-position-inline thegem-button-69e0d993bc22b5448\" \"><a class=\"gem-button gem-button-size-tiny gem-button-style-outline gem-button-text-weight-normal gem-button-border-2\" style=\"border-radius: 3px;\" onmouseleave=\"\" onmouseenter=\"\" href=\"https:\/\/dunyaklinik.com.tr\/en\/sik-gorulen-deri-hastaliklari\/\" target=\"_self\">Read More<\/a><\/div> <\/div> <\/div> <\/div> <\/div> <\/div> <\/div> <\/article><!-- #post-839 --> <article id=\"post-833\" class=\"item-animations-not-inited post-833 post type-post status-publish format-standard has-post-thumbnail category-blog tag-kadinlarda-sac-dokulmesi tag-menepozda-sac-dokulmesi\"> <div class=\"item-post-container\"> <div class=\"post-item clearfix\" style=\"\"> <div class=\"post-info-wrap\"> <div class=\"post-info\"> <div class=\"post-img\"> <a href=\"https:\/\/dunyaklinik.com.tr\/en\/menopozda-kadinlarda-sac-dokulmesi-nasil-onlenir\/\" class=\"default\"><img width=\"256\" height=\"256\" src=\"https:\/\/dunyaklinik.com.tr\/en\/wp-content\/uploads\/2021\/03\/kapak-42-thegem-post-thumb-large.jpg\" class=\"img-responsive wp-post-image\" alt=\"kapak-42\" srcset=\"https:\/\/dunyaklinik.com.tr\/en\/wp-content\/uploads\/2021\/03\/kapak-42-thegem-post-thumb-small.jpg 1x, https:\/\/dunyaklinik.com.tr\/en\/wp-content\/uploads\/2021\/03\/kapak-42-thegem-post-thumb-large.jpg 2x\" sizes=\"100vw\" \/><\/a> <\/div> <div class=\"post-date\">23 March<\/div> <div class=\"post-time\">12:24<\/div> <\/div> <\/div> <svg class=\"wrap-style\" style=\"\"> <use xlink:href=\"https:\/\/dunyaklinik.com.tr\/en\/wp-content\/themes\/thegem\/css\/post-arrow.svg#dec-post-arrow\"><\/use> <\/svg> <div class=\"post-text-wrap\"> <div class=\"post-title\"> <h3 class=\"entry-title\"><a href=\"https:\/\/dunyaklinik.com.tr\/en\/menopozda-kadinlarda-sac-dokulmesi-nasil-onlenir\/\" rel=\"bookmark\"><span class=\"light\">Menopozda Kad\u0131nlarda Sa\u00e7 D\u00f6k\u00fclmesi Nas\u0131l \u00d6nlenir?<\/span><\/a><\/h3> <\/div> <div class=\"post-content\"> <div class=\"summary\"> <p>Menopoz kad\u0131nlarda genellikle 40 ile 50 ya\u015flar\u0131n sonunda ortaya \u00e7\u0131kan ve pek \u00e7ok etkisi olsan hormonal bir de\u011fi\u015fimdir. Menopoz s\u00fcresince&#8230;<\/p> <\/div> <\/div> <div class=\"post-misc\"> <div class=\"post-author\"> <span class=\"post-meta-author\">By <a href=\"https:\/\/dunyaklinik.com.tr\/en\" title=\"Visit admin&#8217;s website\" rel=\"author external\">admin<\/a><\/span> <span class=\"post-meta-categories\">in <a href=\"https:\/\/dunyaklinik.com.tr\/en\/category\/blog\/\" title=\"View all posts in Blog\">Blog<\/a><\/span> <\/div> <div class=\"post-soc-info\"> <span class=\"post-comments\"> <span class=\"comments-link\"><a href=\"https:\/\/dunyaklinik.com.tr\/en\/menopozda-kadinlarda-sac-dokulmesi-nasil-onlenir\/#respond\">0<\/a><\/span> <span class=\"sep\"><\/span> <\/span> <span class=\"post-likes\"> <span class=\"post-meta-likes\"><a href=\"#\" class=\"zilla-likes\" id=\"zilla-likes-833\" title=\"Like this\"><span class=\"zilla-likes-count\">7<\/span> <span class=\"zilla-likes-postfix\"><\/span><\/a><\/span> <\/span> <\/div> <div class=\"post-links\"> <div class=\"post-footer-sharing\"><div class=\"gem-button-container gem-button-position-inline thegem-button-69e0d993bdf482871\" \"><a class=\"gem-button gem-button-size-tiny gem-button-style-flat gem-button-text-weight-normal gem-button-empty\" style=\"border-radius: 3px;\" onmouseleave=\"\" onmouseenter=\"\" href=\"#\" target=\"_self\"><i class=\"gem-print-icon gem-icon-pack-thegem-icons gem-icon-share\"><\/i><\/a><\/div> <div class=\"sharing-popup\"> <div class=\"socials-sharing socials socials-colored-hover \"> <a class=\"socials-item\" target=\"_blank\" href=\"https:\/\/www.facebook.com\/sharer\/sharer.php?u=https%3A%2F%2Fdunyaklinik.com.tr%2Fen%2Fmenopozda-kadinlarda-sac-dokulmesi-nasil-onlenir%2F\" title=\"Facebook\"><i class=\"socials-item-icon facebook\"><\/i><\/a> <a class=\"socials-item\" target=\"_blank\" href=\"https:\/\/twitter.com\/intent\/tweet?text=Menopozda+Kad%C4%B1nlarda+Sa%C3%A7+D%C3%B6k%C3%BClmesi+Nas%C4%B1l+%C3%96nlenir%3F&#038;url=https%3A%2F%2Fdunyaklinik.com.tr%2Fen%2Fmenopozda-kadinlarda-sac-dokulmesi-nasil-onlenir%2F\" title=\"Twitter\"><i class=\"socials-item-icon twitter\"><\/i><\/a> <a class=\"socials-item\" target=\"_blank\" href=\"https:\/\/pinterest.com\/pin\/create\/button\/?url=https%3A%2F%2Fdunyaklinik.com.tr%2Fen%2Fmenopozda-kadinlarda-sac-dokulmesi-nasil-onlenir%2F&#038;description=Menopozda+Kad%C4%B1nlarda+Sa%C3%A7+D%C3%B6k%C3%BClmesi+Nas%C4%B1l+%C3%96nlenir%3F&#038;media=https%3A%2F%2Fdunyaklinik.com.tr%2Fen%2Fwp-content%2Fuploads%2F2021%2F03%2Fkapak-42-thegem-blog-timeline-large.jpg\" title=\"Pinterest\"><i class=\"socials-item-icon pinterest\"><\/i><\/a> <a class=\"socials-item\" target=\"_blank\" href=\"http:\/\/tumblr.com\/widgets\/share\/tool?canonicalUrl=https%3A%2F%2Fdunyaklinik.com.tr%2Fen%2Fmenopozda-kadinlarda-sac-dokulmesi-nasil-onlenir%2F\" title=\"Tumblr\"><i class=\"socials-item-icon tumblr\"><\/i><\/a> <a class=\"socials-item\" target=\"_blank\" href=\"https:\/\/www.linkedin.com\/shareArticle?mini=true&#038;url=https%3A%2F%2Fdunyaklinik.com.tr%2Fen%2Fmenopozda-kadinlarda-sac-dokulmesi-nasil-onlenir%2F&#038;title=Menopozda+Kad%C4%B1nlarda+Sa%C3%A7+D%C3%B6k%C3%BClmesi+Nas%C4%B1l+%C3%96nlenir%3F&amp;summary=Menopoz+kad%C4%B1nlarda+genellikle+40+ile+50+ya%C5%9Flar%C4%B1n+sonunda+ortaya+%C3%A7%C4%B1kan+ve+pek+%C3%A7ok+etkisi+olsan+hormonal+bir+de%C4%9Fi%C5%9Fimdir.+Menopoz+s%C3%BCresince...\" title=\"LinkedIn\"><i class=\"socials-item-icon linkedin\"><\/i><\/a> <a class=\"socials-item\" target=\"_blank\" href=\"https:\/\/www.reddit.com\/submit?url=https%3A%2F%2Fdunyaklinik.com.tr%2Fen%2Fmenopozda-kadinlarda-sac-dokulmesi-nasil-onlenir%2F&#038;title=Menopozda+Kad%C4%B1nlarda+Sa%C3%A7+D%C3%B6k%C3%BClmesi+Nas%C4%B1l+%C3%96nlenir%3F\" title=\"Reddit\"><i class=\"socials-item-icon reddit\"><\/i><\/a> <\/div> <svg class=\"sharing-styled-arrow\"><use xlink:href=\"https:\/\/dunyaklinik.com.tr\/en\/wp-content\/themes\/thegem\/css\/post-arrow.svg#dec-post-arrow\"><\/use><\/svg><\/div><\/div> <div class=\"post-read-more\"><div class=\"gem-button-container gem-button-position-inline thegem-button-69e0d993bebab4590\" \"><a class=\"gem-button gem-button-size-tiny gem-button-style-outline gem-button-text-weight-normal gem-button-border-2\" style=\"border-radius: 3px;\" onmouseleave=\"\" onmouseenter=\"\" href=\"https:\/\/dunyaklinik.com.tr\/en\/menopozda-kadinlarda-sac-dokulmesi-nasil-onlenir\/\" target=\"_self\">Read More<\/a><\/div> <\/div> <\/div> <\/div> <\/div> <\/div> <\/div> <\/article><!-- #post-833 --> <\/div>[\/vc_column][\/vc_row]<\/p>\n","protected":false},"excerpt":{"rendered":"<p>[vc_row][vc_column][\/vc_column][\/vc_row]<\/p>\n","protected":false},"author":1,"featured_media":0,"parent":0,"menu_order":0,"comment_status":"closed","ping_status":"closed","template":"","meta":[],"_links":{"self":[{"href":"https:\/\/dunyaklinik.com.tr\/en\/wp-json\/wp\/v2\/pages\/631"}],"collection":[{"href":"https:\/\/dunyaklinik.com.tr\/en\/wp-json\/wp\/v2\/pages"}],"about":[{"href":"https:\/\/dunyaklinik.com.tr\/en\/wp-json\/wp\/v2\/types\/page"}],"author":[{"embeddable":true,"href":"https:\/\/dunyaklinik.com.tr\/en\/wp-json\/wp\/v2\/users\/1"}],"replies":[{"embeddable":true,"href":"https:\/\/dunyaklinik.com.tr\/en\/wp-json\/wp\/v2\/comments?post=631"}],"version-history":[{"count":5,"href":"https:\/\/dunyaklinik.com.tr\/en\/wp-json\/wp\/v2\/pages\/631\/revisions"}],"predecessor-version":[{"id":837,"href":"https:\/\/dunyaklinik.com.tr\/en\/wp-json\/wp\/v2\/pages\/631\/revisions\/837"}],"wp:attachment":[{"href":"https:\/\/dunyaklinik.com.tr\/en\/wp-json\/wp\/v2\/media?parent=631"}],"curies":[{"name":"wp","href":"https:\/\/api.w.org\/{rel}","templated":true}]}}