{"id":413,"date":"2018-12-11T11:14:35","date_gmt":"2018-12-11T11:14:35","guid":{"rendered":"http:\/\/democontent.codex-themes.com\/sites\/medical-center\/?page_id=413"},"modified":"2024-07-05T12:14:54","modified_gmt":"2024-07-05T12:14:54","slug":"our-polyclinic","status":"publish","type":"page","link":"https:\/\/dunyaklinik.com.tr\/en\/about\/our-polyclinic\/","title":{"rendered":"Our Polyclinic"},"content":{"rendered":"<p>[vc_row full_width=&#8221;stretch_row_content_no_spaces&#8221; css=&#8221;.vc_custom_1720181692054{background-color: #00a4ef !important;}&#8221;][vc_column][vc_column_text]<\/p>\n<h1 style=\"text-align: center;\"><span style=\"color: #ffffff;\">POL\u0130KL\u0130N\u0130\u011e\u0130M\u0130Z<\/span><\/h1>\n<p>[\/vc_column_text][\/vc_column][\/vc_row][vc_row content_placement=&#8221;top&#8221;][vc_column width=&#8221;1\/2&#8243;][vc_column_text css=&#8221;.vc_custom_1720181031209{margin-top: -8px !important;}&#8221;]<\/p>\n<div class=\"styled-subtitle\">Dunya Clinic<\/div>\n<p>[\/vc_column_text][vc_column_text]Dunya Clinic was founded by C. Demir Ak\u0131ll\u0131o\u011flu and Yunus Y\u0131ld\u0131z. With over 10 years of experience, our expert team and experienced doctors continue to provide anti-aging medical aesthetic and skincare treatments.[\/vc_column_text][vc_column_text]<\/p>\n<div class=\"styled-subtitle\">What Awaits You at Dunya Clinic?<\/div>\n<p>[\/vc_column_text][vc_column_text]<strong>Experience and Expertise:<\/strong> With years of experience and expertise in the procedures we perform, we continue to develop and innovate every day to ensure you receive reliable and high-quality services in medical aesthetics.<\/p>\n<p><strong>Personalized Service<\/strong>: By analyzing our clients&#8217; specific characteristics and expectations, we plan appropriate treatments and procedures to help them achieve their beauty goals.<\/p>\n<p><strong>Trust:<\/strong> As a clinic approved by the Ministry of Health, we place great emphasis on the reliability of the products and techniques we use. With our attention to the quality of the products and devices we use, we offer treatments that meet the needs of our clients.<\/p>\n<p>We Value Your Health. At Dunya Clinic, our aim is to help each of our clients achieve their beauty goals. Planning treatment methods tailored to the specific needs of our clients and offering solutions form the foundation of our service approach.[\/vc_column_text][\/vc_column][vc_column width=&#8221;1\/2&#8243;]<div class=\"gem-image gem-wrapbox gem-wrapbox-style-default gem-wrapbox-position-below\"  style=\"\"><div class=\"gem-wrapbox-inner \" ><a href=\"https:\/\/dunyaklinik.com.tr\/en\/wp-content\/uploads\/2021\/03\/fe3bc3e9-ac09-45b9-9146-24b4fde626be.jpg\" class=\"fancybox\"><img class=\"gem-wrapbox-element img-responsive\" src=\"https:\/\/dunyaklinik.com.tr\/en\/wp-content\/uploads\/2021\/03\/fe3bc3e9-ac09-45b9-9146-24b4fde626be.jpg\" alt=\"\"\/><\/a><\/div><\/div>[\/vc_column][\/vc_row][vc_row full_width=&#8221;stretch_row&#8221; disable_element=&#8221;yes&#8221; css=&#8221;.vc_custom_1616491948981{margin-bottom: 0px !important;background-color: #042938 !important;}&#8221;][vc_column]<div data-number-format=\"(ddd).ddd\" class=\"gem-counter-box row inline-row inline-row-center gem-counter-style-1 lazy-loading lazy-loading-not-hide\" ><div class=\"gem-counter col-md-3 col-sm-4 col-xs-6 inline-column gem-counter-effect-simple\" ><div class=\"gem-counter-inner\"><div class=\"gem-counter-number\" style=\"color: #00a4ef\"><div class=\"gem-counter-odometer\" data-to=\"120\">0<\/div><\/div><div class=\"gem-counter-text styled-subtitle\" style=\"color: #ffffff\">Hospital Rooms<\/div><\/div><\/div><div class=\"gem-counter col-md-3 col-sm-4 col-xs-6 inline-column gem-counter-effect-simple\" ><div class=\"gem-counter-inner\"><div class=\"gem-counter-number\" style=\"color: #00a4ef\"><div class=\"gem-counter-odometer\" data-to=\"790\">0<\/div><\/div><div class=\"gem-counter-text styled-subtitle\" style=\"color: #ffffff\">Satisfied patients<\/div><\/div><\/div><div class=\"gem-counter col-md-3 col-sm-4 col-xs-6 inline-column gem-counter-effect-simple\" ><div class=\"gem-counter-inner\"><div class=\"gem-counter-number\" style=\"color: #00a4ef\"><div class=\"gem-counter-odometer\" data-to=\"345\">0<\/div><\/div><div class=\"gem-counter-text styled-subtitle\" style=\"color: #ffffff\">Qualified staff<\/div><\/div><\/div><div class=\"gem-counter col-md-3 col-sm-4 col-xs-6 inline-column gem-counter-effect-simple\" ><div class=\"gem-counter-inner\"><div class=\"gem-counter-number\" style=\"color: #00a4ef\"><div class=\"gem-counter-odometer\" data-to=\"230\">0<\/div><\/div><div class=\"gem-counter-text styled-subtitle\" style=\"color: #ffffff\">Doctor Awwards<\/div><\/div><\/div><\/div>[\/vc_column][\/vc_row][vc_row full_width=&#8221;stretch_row&#8221; css=&#8221;.vc_custom_1544529145345{margin-bottom: 0px !important;}&#8221;][vc_column css=&#8221;.vc_custom_1544104109970{padding-top: 0px !important;}&#8221;]<div class=\"clearboth\"><\/div><div class=\"gem-divider \" style=\"margin-top: 135px;\"><\/div>[vc_column_text]<\/p>\n<div class=\"title-h2\" style=\"text-align: center;\">Our Polyclinic<\/div>\n<p>[\/vc_column_text]<div class=\"clearboth\"><\/div><div class=\"gem-divider \" style=\"margin-top: 115px;\"><\/div><div class=\"preloader\"><div class=\"preloader-spin\"><\/div><\/div>\n<div class=\"gallery-preloader-wrapper\"> <div class=\"row\" style=\"margin-top: -8px\"> <div class=\"gaps-margin gallery-style-justified gem-gallery-grid col-lg-12 col-md-12 col-sm-12 columns-3 hover-circular item-animation-move-up \" data-hover=\"circular\"> <ul style=\"margin-left: -8px; margin-right: -8px;\" class=\"gallery-set clearfix\" data-max-row-height=\"380\"> <li style=\"padding: 8px\" class=\"gallery-item col-lg-4 col-md-4 col-sm-6 col-xs-6 item-animations-not-inited post-413 page type-page status-publish\"> <div class=\"wrap gem-wrapbox-style-default\"> <div class=\"overlay-wrap\"> <div class=\"image-wrap \"> <picture> <source srcset=\"https:\/\/dunyaklinik.com.tr\/en\/wp-content\/uploads\/2021\/03\/3d4538fa-ed8b-42bf-ace4-9d9adf1358a7-thegem-gallery-justified-2x-500.jpg 1x, https:\/\/dunyaklinik.com.tr\/en\/wp-content\/uploads\/2021\/03\/3d4538fa-ed8b-42bf-ace4-9d9adf1358a7-thegem-gallery-justified.jpg 2x\" media=\"(max-width: 550px)\" sizes=\"100vw\"> <source srcset=\"https:\/\/dunyaklinik.com.tr\/en\/wp-content\/uploads\/2021\/03\/3d4538fa-ed8b-42bf-ace4-9d9adf1358a7-thegem-gallery-justified-3x.jpg 1x, https:\/\/dunyaklinik.com.tr\/en\/wp-content\/uploads\/2021\/03\/3d4538fa-ed8b-42bf-ace4-9d9adf1358a7-thegem-gallery-justified.jpg 2x\" media=\"(max-width: 1920px)\" sizes=\"100vw\"> <img src=\"https:\/\/dunyaklinik.com.tr\/en\/wp-content\/uploads\/2021\/03\/3d4538fa-ed8b-42bf-ace4-9d9adf1358a7-thegem-gallery-justified.jpg\" width=\"660\" height=\"600\" class=\"attachment-thegem-gallery-justified\" alt=\"3d4538fa-ed8b-42bf-ace4-9d9adf1358a7\" \/> <\/picture> <\/div> <div class=\"overlay \"> <div class=\"overlay-circle\"><\/div> <a href=\"https:\/\/dunyaklinik.com.tr\/en\/wp-content\/uploads\/2021\/03\/3d4538fa-ed8b-42bf-ace4-9d9adf1358a7.jpg\" class=\"gallery-item-link fancy-gallery\" data-fancybox=\"gallery-69e09e994bc55\"> <span class=\"slide-info\"> <\/span> <\/a> <div class=\"overlay-content\"> <div class=\"overlay-content-center\"> <div class=\"overlay-content-inner\"> <a href=\"https:\/\/dunyaklinik.com.tr\/en\/wp-content\/uploads\/2021\/03\/3d4538fa-ed8b-42bf-ace4-9d9adf1358a7.jpg\" class=\"icon photo \" > <\/a> <div class=\"overlay-line\"><\/div> <\/div> <\/div> <\/div> <\/div> <\/div> <\/div> <\/li> <li style=\"padding: 8px\" class=\"gallery-item col-lg-4 col-md-4 col-sm-6 col-xs-6 item-animations-not-inited post-413 page type-page status-publish\"> <div class=\"wrap gem-wrapbox-style-default\"> <div class=\"overlay-wrap\"> <div class=\"image-wrap \"> <picture> <source srcset=\"https:\/\/dunyaklinik.com.tr\/en\/wp-content\/uploads\/2021\/03\/fe3bc3e9-ac09-45b9-9146-24b4fde626be-thegem-gallery-justified-2x-500.jpg 1x, https:\/\/dunyaklinik.com.tr\/en\/wp-content\/uploads\/2021\/03\/fe3bc3e9-ac09-45b9-9146-24b4fde626be-thegem-gallery-justified.jpg 2x\" media=\"(max-width: 550px)\" sizes=\"100vw\"> <source srcset=\"https:\/\/dunyaklinik.com.tr\/en\/wp-content\/uploads\/2021\/03\/fe3bc3e9-ac09-45b9-9146-24b4fde626be-thegem-gallery-justified-3x.jpg 1x, https:\/\/dunyaklinik.com.tr\/en\/wp-content\/uploads\/2021\/03\/fe3bc3e9-ac09-45b9-9146-24b4fde626be-thegem-gallery-justified.jpg 2x\" media=\"(max-width: 1920px)\" sizes=\"100vw\"> <img src=\"https:\/\/dunyaklinik.com.tr\/en\/wp-content\/uploads\/2021\/03\/fe3bc3e9-ac09-45b9-9146-24b4fde626be-thegem-gallery-justified.jpg\" width=\"660\" height=\"600\" class=\"attachment-thegem-gallery-justified\" alt=\"fe3bc3e9-ac09-45b9-9146-24b4fde626be\" \/> <\/picture> <\/div> <div class=\"overlay \"> <div class=\"overlay-circle\"><\/div> <a href=\"https:\/\/dunyaklinik.com.tr\/en\/wp-content\/uploads\/2021\/03\/fe3bc3e9-ac09-45b9-9146-24b4fde626be.jpg\" class=\"gallery-item-link fancy-gallery\" data-fancybox=\"gallery-69e09e994bc55\"> <span class=\"slide-info\"> <\/span> <\/a> <div class=\"overlay-content\"> <div class=\"overlay-content-center\"> <div class=\"overlay-content-inner\"> <a href=\"https:\/\/dunyaklinik.com.tr\/en\/wp-content\/uploads\/2021\/03\/fe3bc3e9-ac09-45b9-9146-24b4fde626be.jpg\" class=\"icon photo \" > <\/a> <div class=\"overlay-line\"><\/div> <\/div> <\/div> <\/div> <\/div> <\/div> <\/div> <\/li> <li style=\"padding: 8px\" class=\"gallery-item col-lg-4 col-md-4 col-sm-6 col-xs-6 item-animations-not-inited post-413 page type-page status-publish\"> <div class=\"wrap gem-wrapbox-style-default\"> <div class=\"overlay-wrap\"> <div class=\"image-wrap \"> <picture> <source srcset=\"https:\/\/dunyaklinik.com.tr\/en\/wp-content\/uploads\/2021\/03\/IMG_3672-thegem-gallery-justified-2x-500.jpg 1x, https:\/\/dunyaklinik.com.tr\/en\/wp-content\/uploads\/2021\/03\/IMG_3672-thegem-gallery-justified.jpg 2x\" media=\"(max-width: 550px)\" sizes=\"100vw\"> <source srcset=\"https:\/\/dunyaklinik.com.tr\/en\/wp-content\/uploads\/2021\/03\/IMG_3672-thegem-gallery-justified-3x.jpg 1x, https:\/\/dunyaklinik.com.tr\/en\/wp-content\/uploads\/2021\/03\/IMG_3672-thegem-gallery-justified.jpg 2x\" media=\"(max-width: 1920px)\" sizes=\"100vw\"> <img src=\"https:\/\/dunyaklinik.com.tr\/en\/wp-content\/uploads\/2021\/03\/IMG_3672-thegem-gallery-justified.jpg\" width=\"660\" height=\"600\" class=\"attachment-thegem-gallery-justified\" alt=\"IMG_3672\" \/> <\/picture> <\/div> <div class=\"overlay \"> <div class=\"overlay-circle\"><\/div> <a href=\"https:\/\/dunyaklinik.com.tr\/en\/wp-content\/uploads\/2021\/03\/IMG_3672.jpg\" class=\"gallery-item-link fancy-gallery\" data-fancybox=\"gallery-69e09e994bc55\"> <span class=\"slide-info\"> <\/span> <\/a> <div class=\"overlay-content\"> <div class=\"overlay-content-center\"> <div class=\"overlay-content-inner\"> <a href=\"https:\/\/dunyaklinik.com.tr\/en\/wp-content\/uploads\/2021\/03\/IMG_3672.jpg\" class=\"icon photo \" > <\/a> <div class=\"overlay-line\"><\/div> <\/div> <\/div> <\/div> <\/div> <\/div> <\/div> <\/li> <li style=\"padding: 8px\" class=\"gallery-item col-lg-4 col-md-4 col-sm-6 col-xs-6 item-animations-not-inited post-413 page type-page status-publish\"> <div class=\"wrap gem-wrapbox-style-default\"> <div class=\"overlay-wrap\"> <div class=\"image-wrap \"> <picture> <source srcset=\"https:\/\/dunyaklinik.com.tr\/en\/wp-content\/uploads\/2021\/03\/IMG_3673-thegem-gallery-justified-2x-500.jpg 1x, https:\/\/dunyaklinik.com.tr\/en\/wp-content\/uploads\/2021\/03\/IMG_3673-thegem-gallery-justified.jpg 2x\" media=\"(max-width: 550px)\" sizes=\"100vw\"> <source srcset=\"https:\/\/dunyaklinik.com.tr\/en\/wp-content\/uploads\/2021\/03\/IMG_3673-thegem-gallery-justified-3x.jpg 1x, https:\/\/dunyaklinik.com.tr\/en\/wp-content\/uploads\/2021\/03\/IMG_3673-thegem-gallery-justified.jpg 2x\" media=\"(max-width: 1920px)\" sizes=\"100vw\"> <img src=\"https:\/\/dunyaklinik.com.tr\/en\/wp-content\/uploads\/2021\/03\/IMG_3673-thegem-gallery-justified.jpg\" width=\"660\" height=\"600\" class=\"attachment-thegem-gallery-justified\" alt=\"IMG_3673\" \/> <\/picture> <\/div> <div class=\"overlay \"> <div class=\"overlay-circle\"><\/div> <a href=\"https:\/\/dunyaklinik.com.tr\/en\/wp-content\/uploads\/2021\/03\/IMG_3673.jpg\" class=\"gallery-item-link fancy-gallery\" data-fancybox=\"gallery-69e09e994bc55\"> <span class=\"slide-info\"> <\/span> <\/a> <div class=\"overlay-content\"> <div class=\"overlay-content-center\"> <div class=\"overlay-content-inner\"> <a href=\"https:\/\/dunyaklinik.com.tr\/en\/wp-content\/uploads\/2021\/03\/IMG_3673.jpg\" class=\"icon photo \" > <\/a> <div class=\"overlay-line\"><\/div> <\/div> <\/div> <\/div> <\/div> <\/div> <\/div> <\/li> <li style=\"padding: 8px\" class=\"gallery-item col-lg-4 col-md-4 col-sm-6 col-xs-6 item-animations-not-inited post-413 page type-page status-publish\"> <div class=\"wrap gem-wrapbox-style-default\"> <div class=\"overlay-wrap\"> <div class=\"image-wrap \"> <picture> <source srcset=\"https:\/\/dunyaklinik.com.tr\/en\/wp-content\/uploads\/2021\/03\/IMG_3668-thegem-gallery-justified-2x-500.jpg 1x, https:\/\/dunyaklinik.com.tr\/en\/wp-content\/uploads\/2021\/03\/IMG_3668-thegem-gallery-justified.jpg 2x\" media=\"(max-width: 550px)\" sizes=\"100vw\"> <source srcset=\"https:\/\/dunyaklinik.com.tr\/en\/wp-content\/uploads\/2021\/03\/IMG_3668-thegem-gallery-justified-3x.jpg 1x, https:\/\/dunyaklinik.com.tr\/en\/wp-content\/uploads\/2021\/03\/IMG_3668-thegem-gallery-justified.jpg 2x\" media=\"(max-width: 1920px)\" sizes=\"100vw\"> <img src=\"https:\/\/dunyaklinik.com.tr\/en\/wp-content\/uploads\/2021\/03\/IMG_3668-thegem-gallery-justified.jpg\" width=\"660\" height=\"600\" class=\"attachment-thegem-gallery-justified\" alt=\"IMG_3668\" \/> <\/picture> <\/div> <div class=\"overlay \"> <div class=\"overlay-circle\"><\/div> <a href=\"https:\/\/dunyaklinik.com.tr\/en\/wp-content\/uploads\/2021\/03\/IMG_3668.jpg\" class=\"gallery-item-link fancy-gallery\" data-fancybox=\"gallery-69e09e994bc55\"> <span class=\"slide-info\"> <\/span> <\/a> <div class=\"overlay-content\"> <div class=\"overlay-content-center\"> <div class=\"overlay-content-inner\"> <a href=\"https:\/\/dunyaklinik.com.tr\/en\/wp-content\/uploads\/2021\/03\/IMG_3668.jpg\" class=\"icon photo \" > <\/a> <div class=\"overlay-line\"><\/div> <\/div> <\/div> <\/div> <\/div> <\/div> <\/div> <\/li> <li style=\"padding: 8px\" class=\"gallery-item col-lg-4 col-md-4 col-sm-6 col-xs-6 item-animations-not-inited post-413 page type-page status-publish\"> <div class=\"wrap gem-wrapbox-style-default\"> <div class=\"overlay-wrap\"> <div class=\"image-wrap \"> <picture> <source srcset=\"https:\/\/dunyaklinik.com.tr\/en\/wp-content\/uploads\/2021\/03\/IMG_3670-thegem-gallery-justified-2x-500.jpg 1x, https:\/\/dunyaklinik.com.tr\/en\/wp-content\/uploads\/2021\/03\/IMG_3670-thegem-gallery-justified.jpg 2x\" media=\"(max-width: 550px)\" sizes=\"100vw\"> <source srcset=\"https:\/\/dunyaklinik.com.tr\/en\/wp-content\/uploads\/2021\/03\/IMG_3670-thegem-gallery-justified-3x.jpg 1x, https:\/\/dunyaklinik.com.tr\/en\/wp-content\/uploads\/2021\/03\/IMG_3670-thegem-gallery-justified.jpg 2x\" media=\"(max-width: 1920px)\" sizes=\"100vw\"> <img src=\"https:\/\/dunyaklinik.com.tr\/en\/wp-content\/uploads\/2021\/03\/IMG_3670-thegem-gallery-justified.jpg\" width=\"660\" height=\"600\" class=\"attachment-thegem-gallery-justified\" alt=\"IMG_3670\" \/> <\/picture> <\/div> <div class=\"overlay \"> <div class=\"overlay-circle\"><\/div> <a href=\"https:\/\/dunyaklinik.com.tr\/en\/wp-content\/uploads\/2021\/03\/IMG_3670.jpg\" class=\"gallery-item-link fancy-gallery\" data-fancybox=\"gallery-69e09e994bc55\"> <span class=\"slide-info\"> <\/span> <\/a> <div class=\"overlay-content\"> <div class=\"overlay-content-center\"> <div class=\"overlay-content-inner\"> <a href=\"https:\/\/dunyaklinik.com.tr\/en\/wp-content\/uploads\/2021\/03\/IMG_3670.jpg\" class=\"icon photo \" > <\/a> <div class=\"overlay-line\"><\/div> <\/div> <\/div> <\/div> <\/div> <\/div> <\/div> <\/li> <li style=\"padding: 8px\" class=\"gallery-item col-lg-4 col-md-4 col-sm-6 col-xs-6 item-animations-not-inited post-413 page type-page status-publish\"> <div class=\"wrap gem-wrapbox-style-default\"> <div class=\"overlay-wrap\"> <div class=\"image-wrap \"> <picture> <source srcset=\"https:\/\/dunyaklinik.com.tr\/en\/wp-content\/uploads\/2021\/03\/IMG_3676-thegem-gallery-justified-2x-500.jpg 1x, https:\/\/dunyaklinik.com.tr\/en\/wp-content\/uploads\/2021\/03\/IMG_3676-thegem-gallery-justified.jpg 2x\" media=\"(max-width: 550px)\" sizes=\"100vw\"> <source srcset=\"https:\/\/dunyaklinik.com.tr\/en\/wp-content\/uploads\/2021\/03\/IMG_3676-thegem-gallery-justified-3x.jpg 1x, https:\/\/dunyaklinik.com.tr\/en\/wp-content\/uploads\/2021\/03\/IMG_3676-thegem-gallery-justified.jpg 2x\" media=\"(max-width: 1920px)\" sizes=\"100vw\"> <img src=\"https:\/\/dunyaklinik.com.tr\/en\/wp-content\/uploads\/2021\/03\/IMG_3676-thegem-gallery-justified.jpg\" width=\"660\" height=\"600\" class=\"attachment-thegem-gallery-justified\" alt=\"IMG_3676\" \/> <\/picture> <\/div> <div class=\"overlay \"> <div class=\"overlay-circle\"><\/div> <a href=\"https:\/\/dunyaklinik.com.tr\/en\/wp-content\/uploads\/2021\/03\/IMG_3676.jpg\" class=\"gallery-item-link fancy-gallery\" data-fancybox=\"gallery-69e09e994bc55\"> <span class=\"slide-info\"> <\/span> <\/a> <div class=\"overlay-content\"> <div class=\"overlay-content-center\"> <div class=\"overlay-content-inner\"> <a href=\"https:\/\/dunyaklinik.com.tr\/en\/wp-content\/uploads\/2021\/03\/IMG_3676.jpg\" class=\"icon photo \" > <\/a> <div class=\"overlay-line\"><\/div> <\/div> <\/div> <\/div> <\/div> <\/div> <\/div> <\/li> <li style=\"padding: 8px\" class=\"gallery-item col-lg-4 col-md-4 col-sm-6 col-xs-6 item-animations-not-inited post-413 page type-page status-publish\"> <div class=\"wrap gem-wrapbox-style-default\"> <div class=\"overlay-wrap\"> <div class=\"image-wrap \"> <picture> <source srcset=\"https:\/\/dunyaklinik.com.tr\/en\/wp-content\/uploads\/2021\/03\/IMG_3677-thegem-gallery-justified-2x-500.jpg 1x, https:\/\/dunyaklinik.com.tr\/en\/wp-content\/uploads\/2021\/03\/IMG_3677-thegem-gallery-justified.jpg 2x\" media=\"(max-width: 550px)\" sizes=\"100vw\"> <source srcset=\"https:\/\/dunyaklinik.com.tr\/en\/wp-content\/uploads\/2021\/03\/IMG_3677-thegem-gallery-justified-3x.jpg 1x, https:\/\/dunyaklinik.com.tr\/en\/wp-content\/uploads\/2021\/03\/IMG_3677-thegem-gallery-justified.jpg 2x\" media=\"(max-width: 1920px)\" sizes=\"100vw\"> <img src=\"https:\/\/dunyaklinik.com.tr\/en\/wp-content\/uploads\/2021\/03\/IMG_3677-thegem-gallery-justified.jpg\" width=\"660\" height=\"600\" class=\"attachment-thegem-gallery-justified\" alt=\"IMG_3677\" \/> <\/picture> <\/div> <div class=\"overlay \"> <div class=\"overlay-circle\"><\/div> <a href=\"https:\/\/dunyaklinik.com.tr\/en\/wp-content\/uploads\/2021\/03\/IMG_3677.jpg\" class=\"gallery-item-link fancy-gallery\" data-fancybox=\"gallery-69e09e994bc55\"> <span class=\"slide-info\"> <\/span> <\/a> <div class=\"overlay-content\"> <div class=\"overlay-content-center\"> <div class=\"overlay-content-inner\"> <a href=\"https:\/\/dunyaklinik.com.tr\/en\/wp-content\/uploads\/2021\/03\/IMG_3677.jpg\" class=\"icon photo \" > <\/a> <div class=\"overlay-line\"><\/div> <\/div> <\/div> <\/div> <\/div> <\/div> <\/div> <\/li> <li style=\"padding: 8px\" class=\"gallery-item col-lg-4 col-md-4 col-sm-6 col-xs-6 item-animations-not-inited post-413 page type-page status-publish\"> <div class=\"wrap gem-wrapbox-style-default\"> <div class=\"overlay-wrap\"> <div class=\"image-wrap \"> <picture> <source srcset=\"https:\/\/dunyaklinik.com.tr\/en\/wp-content\/uploads\/2021\/03\/IMG_3678-thegem-gallery-justified-2x-500.jpg 1x, https:\/\/dunyaklinik.com.tr\/en\/wp-content\/uploads\/2021\/03\/IMG_3678-thegem-gallery-justified.jpg 2x\" media=\"(max-width: 550px)\" sizes=\"100vw\"> <source srcset=\"https:\/\/dunyaklinik.com.tr\/en\/wp-content\/uploads\/2021\/03\/IMG_3678-thegem-gallery-justified-3x.jpg 1x, https:\/\/dunyaklinik.com.tr\/en\/wp-content\/uploads\/2021\/03\/IMG_3678-thegem-gallery-justified.jpg 2x\" media=\"(max-width: 1920px)\" sizes=\"100vw\"> <img src=\"https:\/\/dunyaklinik.com.tr\/en\/wp-content\/uploads\/2021\/03\/IMG_3678-thegem-gallery-justified.jpg\" width=\"660\" height=\"600\" class=\"attachment-thegem-gallery-justified\" alt=\"IMG_3678\" \/> <\/picture> <\/div> <div class=\"overlay \"> <div class=\"overlay-circle\"><\/div> <a href=\"https:\/\/dunyaklinik.com.tr\/en\/wp-content\/uploads\/2021\/03\/IMG_3678.jpg\" class=\"gallery-item-link fancy-gallery\" data-fancybox=\"gallery-69e09e994bc55\"> <span class=\"slide-info\"> <\/span> <\/a> <div class=\"overlay-content\"> <div class=\"overlay-content-center\"> <div class=\"overlay-content-inner\"> <a href=\"https:\/\/dunyaklinik.com.tr\/en\/wp-content\/uploads\/2021\/03\/IMG_3678.jpg\" class=\"icon photo \" > <\/a> <div class=\"overlay-line\"><\/div> <\/div> <\/div> <\/div> <\/div> <\/div> <\/div> <\/li> <\/ul> <\/div> <\/div> <\/div><div class=\"clearboth\"><\/div><div class=\"gem-divider \" style=\"margin-top: 140px;\"><\/div>[\/vc_column][\/vc_row]<\/p>\n","protected":false},"excerpt":{"rendered":"<p>[vc_row full_width=&#8221;stretch_row_content_no_spaces&#8221; css=&#8221;.vc_custom_1720181692054{background-color: #00a4ef !important;}&#8221;][vc_column][vc_column_text] POL\u0130KL\u0130N\u0130\u011e\u0130M\u0130Z [\/vc_column_text][\/vc_column][\/vc_row][vc_row content_placement=&#8221;top&#8221;][vc_column width=&#8221;1\/2&#8243;][vc_column_text css=&#8221;.vc_custom_1720181031209{margin-top: -8px !important;}&#8221;] Dunya Clinic [\/vc_column_text][vc_column_text]Dunya Clinic was founded by C&#8230;.<\/p>\n","protected":false},"author":1,"featured_media":0,"parent":556,"menu_order":-1,"comment_status":"closed","ping_status":"closed","template":"","meta":[],"_links":{"self":[{"href":"https:\/\/dunyaklinik.com.tr\/en\/wp-json\/wp\/v2\/pages\/413"}],"collection":[{"href":"https:\/\/dunyaklinik.com.tr\/en\/wp-json\/wp\/v2\/pages"}],"about":[{"href":"https:\/\/dunyaklinik.com.tr\/en\/wp-json\/wp\/v2\/types\/page"}],"author":[{"embeddable":true,"href":"https:\/\/dunyaklinik.com.tr\/en\/wp-json\/wp\/v2\/users\/1"}],"replies":[{"embeddable":true,"href":"https:\/\/dunyaklinik.com.tr\/en\/wp-json\/wp\/v2\/comments?post=413"}],"version-history":[{"count":11,"href":"https:\/\/dunyaklinik.com.tr\/en\/wp-json\/wp\/v2\/pages\/413\/revisions"}],"predecessor-version":[{"id":887,"href":"https:\/\/dunyaklinik.com.tr\/en\/wp-json\/wp\/v2\/pages\/413\/revisions\/887"}],"up":[{"embeddable":true,"href":"https:\/\/dunyaklinik.com.tr\/en\/wp-json\/wp\/v2\/pages\/556"}],"wp:attachment":[{"href":"https:\/\/dunyaklinik.com.tr\/en\/wp-json\/wp\/v2\/media?parent=413"}],"curies":[{"name":"wp","href":"https:\/\/api.w.org\/{rel}","templated":true}]}}