{"id":188,"date":"2018-12-10T08:37:06","date_gmt":"2018-12-10T08:37:06","guid":{"rendered":"http:\/\/democontent.codex-themes.com\/sites\/medical-center\/?page_id=188"},"modified":"2026-01-22T10:07:14","modified_gmt":"2026-01-22T10:07:14","slug":"our-doctors","status":"publish","type":"page","link":"https:\/\/dunyaklinik.com.tr\/en\/about\/our-doctors\/","title":{"rendered":"Our Doctors"},"content":{"rendered":"<p>[vc_row full_width=&#8221;stretch_row_content_no_spaces&#8221; css=&#8221;.vc_custom_1720182070047{background-color: #00a4ef !important;}&#8221;][vc_column][vc_column_text]<\/p>\n<h1 style=\"text-align: center;\"><span style=\"color: #ffffff;\">OUR DOCTORS<\/span><\/h1>\n<p>[\/vc_column_text][\/vc_column][\/vc_row][vc_row][vc_column]<div class=\"clearboth\"><\/div><div class=\"gem-divider \" style=\"margin-bottom: 145px;\"><\/div>[\/vc_column][\/vc_row][vc_row full_width=&#8221;stretch_row&#8221; css=&#8221;.vc_custom_1720182489513{margin-bottom: -30px !important;}&#8221; el_class=&#8221;doctor doctor-first&#8221;][vc_column width=&#8221;1\/2&#8243; offset=&#8221;vc_col-lg-6 vc_col-md-6&#8243; css=&#8221;.vc_custom_1544427190168{padding-top: 0px !important;}&#8221;][vc_column_text css=&#8221;.vc_custom_1769075987817{margin-top: -10px !important;margin-bottom: 8px !important;}&#8221;]<\/p>\n<div class=\"title-h2\"><span style=\"color: #00a4ef;\">Dr. Muhyeddin bed\u00fck<\/span><\/div>\n<div id=\"gtx-trans\" style=\"position: absolute; left: 159px; top: 70.5938px;\">\n<div class=\"gtx-trans-icon\"><\/div>\n<\/div>\n<p>[\/vc_column_text][vc_column_text]<\/p>\n<div class=\"title-h4\">Medical Aesthetics and Hair Transplantation<\/div>\n<p>[\/vc_column_text]<div class=\"clearboth\"><\/div><div class=\"gem-divider \" style=\"margin-top: 40px;\"><\/div>[vc_column_text]<\/p>\n<h5><strong>Personal Information<\/strong><\/h5>\n<ul>\n<li>Date of Birth: 1987<\/li>\n<li>Place of Birth: Siirt<\/li>\n<li>Contact: <a href=\"tel:05331934247\">05331934247<\/a><\/li>\n<\/ul>\n<p><strong>Education University:<\/strong>\u00a0Dicle University Faculty of Medicine, Diyarbak\u0131r (2006-2013) 1999)<\/p>\n<p><strong>Professional Experience:<\/strong><\/p>\n<p>&nbsp;<\/p>\n<ul>\n<li>\u015eanl\u0131urfa Ceylanp\u0131nar State Hospital (DH), Emergency Department | May 2014 \u2013 September 2014<\/li>\n<li>\u015e\u0131rvan State Hospital (DH), Emergency Department | January 2016 \u2013 March 2016<\/li>\n<li>Veysel Karani Family Health Center (ASM) | April 2016 \u2013 May 2018<\/li>\n<li>Martyr Midwife Birg\u00fcl Akta\u015f Family Health Center (ASM) | June 2019 \u2013 May 2022<\/li>\n<li>Private Duru Hospital | June 2022 \u2013 2024<\/li>\n<li>Private D\u00fcnya Polyclinic | 2024 \u2013 Present<\/li>\n<\/ul>\n<p>[\/vc_column_text]<div class=\"clearboth\"><\/div><div class=\"gem-divider \" style=\"margin-top: 35px;\"><\/div>[\/vc_column][vc_column width=&#8221;1\/2&#8243;]<div class=\"centered-box gem-image-centered-box\"><div class=\"gem-image gem-wrapbox gem-wrapbox-style-default gem-wrapbox-position-centered\"  style=\"\"><div class=\"gem-wrapbox-inner \" ><img class=\"gem-wrapbox-element img-responsive\" src=\"\" alt=\"\"\/><\/div><\/div><\/div>[\/vc_column][\/vc_row][vc_row full_width=&#8221;stretch_row&#8221; css=&#8221;.vc_custom_1544428977770{margin-bottom: 0px !important;}&#8221;][vc_column css=&#8221;.vc_custom_1544104109970{padding-top: 0px !important;}&#8221;]<div class=\"clearboth\"><\/div><div class=\"gem-divider \" style=\"margin-top: 60px;\"><\/div>[\/vc_column][\/vc_row][vc_row full_width=&#8221;stretch_row&#8221; css=&#8221;.vc_custom_1720182702112{margin-bottom: -30px !important;}&#8221; el_class=&#8221;doctor&#8221;][vc_column width=&#8221;1\/2&#8243;]<div class=\"centered-box gem-image-centered-box\"><div class=\"gem-image gem-wrapbox gem-wrapbox-style-default gem-wrapbox-position-centered\"  style=\"\"><div class=\"gem-wrapbox-inner \" ><img class=\"gem-wrapbox-element img-responsive\" src=\"https:\/\/dunyaklinik.com.tr\/en\/wp-content\/uploads\/2026\/01\/WhatsApp-Image-2026-01-12-at-12.32.44.jpeg\" alt=\"\"\/><\/div><\/div><\/div>[\/vc_column][vc_column width=&#8221;1\/2&#8243; offset=&#8221;vc_col-lg-6 vc_col-md-6&#8243; css=&#8221;.vc_custom_1544427190168{padding-top: 0px !important;}&#8221;][vc_column_text css=&#8221;.vc_custom_1769076332116{margin-top: -10px !important;margin-bottom: 8px !important;}&#8221;]<\/p>\n<div class=\"title-h2\"><span style=\"color: #00a4ef;\">DR. OLCAY DO\u011eRAMACI<\/span><\/div>\n<div id=\"gtx-trans\" style=\"position: absolute; left: 159px; top: 70.5938px;\">\n<div class=\"gtx-trans-icon\"><\/div>\n<\/div>\n<p>[\/vc_column_text]<div class=\"clearboth\"><\/div><div class=\"gem-divider \" style=\"margin-top: 40px;\"><\/div>[vc_column_text]<\/p>\n<h3 data-start=\"0\" data-end=\"15\">EDUCATION<\/h3>\n<p data-start=\"16\" data-end=\"72\"><strong data-start=\"16\" data-end=\"31\">University:<\/strong> \u00c7ukurova University, Faculty of Medicine<\/p>\n<h3 data-start=\"74\" data-end=\"103\">PROFESSIONAL EXPERIENCE<\/h3>\n<ul data-start=\"104\" data-end=\"208\">\n<li data-start=\"104\" data-end=\"144\">\n<p data-start=\"106\" data-end=\"144\"><strong data-start=\"106\" data-end=\"132\">Occupational Physician<\/strong> \u2014 Olmuksa<\/p>\n<\/li>\n<li data-start=\"145\" data-end=\"185\">\n<p data-start=\"147\" data-end=\"185\"><strong data-start=\"147\" data-end=\"173\">Occupational Physician<\/strong> \u2014 Pirelli<\/p>\n<\/li>\n<li data-start=\"186\" data-end=\"208\">\n<p data-start=\"188\" data-end=\"208\"><strong data-start=\"188\" data-end=\"208\">Family Physician<\/strong><\/p>\n<\/li>\n<\/ul>\n<h3 data-start=\"210\" data-end=\"241\">TRAINING &amp; CERTIFICATIONS<\/h3>\n<ul data-start=\"242\" data-end=\"469\">\n<li data-start=\"242\" data-end=\"318\">\n<p data-start=\"244\" data-end=\"318\"><strong data-start=\"244\" data-end=\"275\">Family Medicine Certificate<\/strong> \u2014 Republic of T\u00fcrkiye Ministry of Health<\/p>\n<\/li>\n<li data-start=\"319\" data-end=\"395\">\n<p data-start=\"321\" data-end=\"395\"><strong data-start=\"321\" data-end=\"352\">Medical Aesthetics Training<\/strong> \u2014 Republic of T\u00fcrkiye Ministry of Health<\/p>\n<\/li>\n<li data-start=\"396\" data-end=\"469\">\n<p data-start=\"398\" data-end=\"469\"><strong data-start=\"398\" data-end=\"439\">Occupational Medicine A\u2013B Certificate<\/strong> \u2014 Turkish Medical Association<\/p>\n<\/li>\n<\/ul>\n<h3 data-start=\"471\" data-end=\"497\">PROCEDURES PERFORMED<\/h3>\n<ul data-start=\"498\" data-end=\"581\">\n<li data-start=\"498\" data-end=\"581\">\n<p data-start=\"500\" data-end=\"581\">Medical aesthetics treatments, <strong data-start=\"531\" data-end=\"549\">dermal fillers<\/strong>, <strong data-start=\"551\" data-end=\"560\">Botox<\/strong>, and <strong data-start=\"566\" data-end=\"581\">mesotherapy<\/strong><\/p>\n<\/li>\n<\/ul>\n<h3 data-start=\"583\" data-end=\"608\">CLINICAL EXPERIENCE<\/h3>\n<ul data-start=\"609\" data-end=\"639\" data-is-last-node=\"\" data-is-only-node=\"\">\n<li data-start=\"609\" data-end=\"639\" data-is-last-node=\"\">\n<p data-start=\"611\" data-end=\"639\" data-is-last-node=\"\"><strong data-start=\"611\" data-end=\"639\" data-is-last-node=\"\">10,000+ patients treated<\/strong><\/p>\n<\/li>\n<\/ul>\n<p>[\/vc_column_text]<div class=\"clearboth\"><\/div><div class=\"gem-divider \" style=\"margin-top: 35px;\"><\/div>[\/vc_column][\/vc_row][vc_row full_width=&#8221;stretch_row&#8221; css=&#8221;.vc_custom_1544428977770{margin-bottom: 0px !important;}&#8221;][vc_column css=&#8221;.vc_custom_1544104109970{padding-top: 0px !important;}&#8221;]<div class=\"clearboth\"><\/div><div class=\"gem-divider \" style=\"margin-top: 145px;\"><\/div>[\/vc_column][\/vc_row][vc_row full_width=&#8221;stretch_row_content&#8221; equal_height=&#8221;yes&#8221; content_placement=&#8221;middle&#8221; css=&#8221;.vc_custom_1544166730190{margin-bottom: 0px !important;}&#8221;][vc_column css=&#8221;.vc_custom_1544168991927{padding-top: 0px !important;background: #a3a3a3 url(https:\/\/dunyaklinik.com.tr\/en\/wp-content\/uploads\/2018\/12\/3.jpg?id=52) !important;background-position: center !important;background-repeat: no-repeat !important;background-size: cover !important;}&#8221; offset=&#8221;vc_col-md-6 vc_hidden-sm vc_hidden-xs&#8221;]<div class=\"clearboth\"><\/div><div class=\"gem-divider \" style=\"margin-top: 700px;\"><\/div>[\/vc_column][vc_column disable_custom_paddings_tablet=&#8221;true&#8221; disable_custom_paddings_mobile=&#8221;true&#8221; offset=&#8221;vc_col-md-6&#8243; css=&#8221;.vc_custom_1544511959518{padding-top: 0px !important;padding-right: 100px !important;padding-left: 100px !important;background-color: #00a4ef !important;}&#8221;]<div class=\"clearboth\"><\/div><div class=\"gem-divider \" style=\"margin-top: 90px;\"><\/div>[vc_column_text]<\/p>\n<div class=\"title-h2\" style=\"text-align: center;\"><span style=\"color: #ffffff;\">Appointment Form<\/span><\/div>\n<p>[\/vc_column_text]<div class=\"clearboth\"><\/div><div class=\"gem-divider \" style=\"margin-top: 70px;\"><\/div><div role=\"form\" class=\"wpcf7\" id=\"wpcf7-f719-o1\" lang=\"en-US\" dir=\"ltr\">\n<div class=\"screen-reader-response\"><p role=\"status\" aria-live=\"polite\" aria-atomic=\"true\"><\/p> <ul><\/ul><\/div>\n<form action=\"\/en\/wp-json\/wp\/v2\/pages\/188#wpcf7-f719-o1\" method=\"post\" class=\"wpcf7-form init gem-contact-form-white gem-contact-form-simple-line\" novalidate=\"novalidate\" data-status=\"init\">\n<div style=\"display: none;\">\n<input type=\"hidden\" name=\"_wpcf7\" value=\"719\" \/>\n<input type=\"hidden\" name=\"_wpcf7_version\" value=\"5.4\" \/>\n<input type=\"hidden\" name=\"_wpcf7_locale\" value=\"en_US\" \/>\n<input type=\"hidden\" name=\"_wpcf7_unit_tag\" value=\"wpcf7-f719-o1\" \/>\n<input type=\"hidden\" name=\"_wpcf7_container_post\" value=\"0\" \/>\n<input type=\"hidden\" name=\"_wpcf7_posted_data_hash\" value=\"\" \/>\n<\/div>\n<div class=\"row medical-center\">\n<p class=\"col-lg-6 col-md-6 col-xs-12\"><span class=\"wpcf7-form-control-wrap your-name\"><input type=\"text\" name=\"your-name\" value=\"\" size=\"40\" class=\"wpcf7-form-control wpcf7-text wpcf7-validates-as-required\" aria-required=\"true\" aria-invalid=\"false\" placeholder=\"Name*\" \/><\/span><\/p>\n<p class=\"col-lg-6 col-md-6 col-xs-12\"><span class=\"wpcf7-form-control-wrap your-surname\"><input type=\"text\" name=\"your-surname\" value=\"\" size=\"40\" class=\"wpcf7-form-control wpcf7-text wpcf7-validates-as-required\" aria-required=\"true\" aria-invalid=\"false\" placeholder=\"Surname*\" \/><\/span><\/p>\n<p class=\"col-lg-6 col-md-6 col-xs-12\"><span class=\"wpcf7-form-control-wrap your-tel\"><input type=\"tel\" name=\"your-tel\" value=\"\" size=\"40\" class=\"wpcf7-form-control wpcf7-text wpcf7-tel wpcf7-validates-as-required wpcf7-validates-as-tel\" aria-required=\"true\" aria-invalid=\"false\" placeholder=\"Phone*\" \/><\/span><\/p>\n<p class=\"col-lg-6 col-md-6 col-xs-12\"><span class=\"wpcf7-form-control-wrap department\"><select name=\"department\" class=\"wpcf7-form-control wpcf7-select wpcf7-validates-as-required gem-combobox\" aria-required=\"true\" aria-invalid=\"false\"><option value=\"Select Service*\">Select Service*<\/option><option value=\"Epilation\">Epilation<\/option><option value=\"Hydrafacial\">Hydrafacial<\/option><option value=\"Skin Care\">Skin Care<\/option><option value=\"Hair Transplantation\">Hair Transplantation<\/option><option value=\"PRP\">PRP<\/option><option value=\"Mesotherapy\">Mesotherapy<\/option><option value=\"Medical Filling\">Medical Filling<\/option><option value=\"Botox\">Botox<\/option><\/select><\/span><\/p>\n<p class=\"col-lg-12 col-md-12 col-xs-12\"><span class=\"wpcf7-form-control-wrap your-message\"><textarea name=\"your-message\" cols=\"30\" rows=\"1\" class=\"wpcf7-form-control wpcf7-textarea wpcf7-validates-as-required\" aria-required=\"true\" aria-invalid=\"false\" placeholder=\"Your Message\"><\/textarea><\/span><\/p>\n<div class=\"gem-button-container gem-button-position-center thegem-button-69e09d75c69d85323\" \"><input class=\"gem-button gem-button-size-small gem-button-style-outline gem-button-text-weight-thin gem-button-border-1 wpcf7-form-control wpcf7-submit gem-button-wpcf-custom\" style=\"border-radius: 0px;border-color: #fff;color: #fff;\" onmouseleave=\"this.style.borderColor='#fff';this.style.backgroundColor='transparent';this.style.color='#fff';\" onmouseenter=\"this.style.backgroundColor='#fff';this.style.color='#00a4ef';\" id=\"\" tabindex=\"\" type=\"submit\" value=\"Make an Appointment\" \/><\/div><\/div>\n<div class=\"wpcf7-response-output\" aria-hidden=\"true\"><\/div><\/form><\/div><div class=\"clearboth\"><\/div><div class=\"gem-divider \" style=\"margin-top: 70px;\"><\/div>[\/vc_column][\/vc_row]<\/p>\n","protected":false},"excerpt":{"rendered":"<p>[vc_row full_width=&#8221;stretch_row_content_no_spaces&#8221; css=&#8221;.vc_custom_1720182070047{background-color: #00a4ef !important;}&#8221;][vc_column][vc_column_text] OUR DOCTORS [\/vc_column_text][\/vc_column][\/vc_row][vc_row][vc_column][\/vc_column][\/vc_row][vc_row full_width=&#8221;stretch_row&#8221; css=&#8221;.vc_custom_1720182489513{margin-bottom: -30px !important;}&#8221; el_class=&#8221;doctor doctor-first&#8221;][vc_column width=&#8221;1\/2&#8243; offset=&#8221;vc_col-lg-6 vc_col-md-6&#8243; css=&#8221;.vc_custom_1544427190168{padding-top: 0px !important;}&#8221;][vc_column_text&#8230;<\/p>\n","protected":false},"author":1,"featured_media":0,"parent":556,"menu_order":0,"comment_status":"closed","ping_status":"closed","template":"","meta":[],"_links":{"self":[{"href":"https:\/\/dunyaklinik.com.tr\/en\/wp-json\/wp\/v2\/pages\/188"}],"collection":[{"href":"https:\/\/dunyaklinik.com.tr\/en\/wp-json\/wp\/v2\/pages"}],"about":[{"href":"https:\/\/dunyaklinik.com.tr\/en\/wp-json\/wp\/v2\/types\/page"}],"author":[{"embeddable":true,"href":"https:\/\/dunyaklinik.com.tr\/en\/wp-json\/wp\/v2\/users\/1"}],"replies":[{"embeddable":true,"href":"https:\/\/dunyaklinik.com.tr\/en\/wp-json\/wp\/v2\/comments?post=188"}],"version-history":[{"count":17,"href":"https:\/\/dunyaklinik.com.tr\/en\/wp-json\/wp\/v2\/pages\/188\/revisions"}],"predecessor-version":[{"id":902,"href":"https:\/\/dunyaklinik.com.tr\/en\/wp-json\/wp\/v2\/pages\/188\/revisions\/902"}],"up":[{"embeddable":true,"href":"https:\/\/dunyaklinik.com.tr\/en\/wp-json\/wp\/v2\/pages\/556"}],"wp:attachment":[{"href":"https:\/\/dunyaklinik.com.tr\/en\/wp-json\/wp\/v2\/media?parent=188"}],"curies":[{"name":"wp","href":"https:\/\/api.w.org\/{rel}","templated":true}]}}